{"id":1931,"date":"2021-02-23T13:12:16","date_gmt":"2021-02-23T12:12:16","guid":{"rendered":"https:\/\/marinaviveiro.com\/avis-juridique\/"},"modified":"2022-05-24T17:45:33","modified_gmt":"2022-05-24T15:45:33","slug":"avis-juridique","status":"publish","type":"page","link":"https:\/\/marinaviveiro.com\/fr\/avis-juridique\/","title":{"rendered":"Avis juridique"},"content":{"rendered":"<p>[et_pb_section fb_built=\u00a0\u00bb1&Prime; _builder_version=\u00a0\u00bb4.16&Prime; background_color=\u00a0\u00bb#f4f4f4&Prime; border_width_top=\u00a0\u00bb1px\u00a0\u00bb border_color_top=\u00a0\u00bb#dddddd\u00a0\u00bb global_colors_info=\u00a0\u00bb{}\u00a0\u00bb][et_pb_row _builder_version=\u00a0\u00bb4.16&Prime; background_size=\u00a0\u00bbinitial\u00a0\u00bb background_position=\u00a0\u00bbtop_left\u00a0\u00bb background_repeat=\u00a0\u00bbrepeat\u00a0\u00bb global_colors_info=\u00a0\u00bb{}\u00a0\u00bb][et_pb_column type=\u00a0\u00bb4_4&Prime; _builder_version=\u00a0\u00bb4.16&Prime; custom_padding=\u00a0\u00bb|||\u00a0\u00bb global_colors_info=\u00a0\u00bb{}\u00a0\u00bb custom_padding__hover=\u00a0\u00bb|||\u00a0\u00bb][et_pb_text _builder_version=\u00a0\u00bb4.16&Prime; _module_preset=\u00a0\u00bbdefault\u00a0\u00bb header_font=\u00a0\u00bb|600||on|||||\u00a0\u00bb header_font_size=\u00a0\u00bb36px\u00a0\u00bb header_line_height=\u00a0\u00bb1.5em\u00a0\u00bb global_colors_info=\u00a0\u00bb{}\u00a0\u00bb]<\/p>\n<h1>Avis juridique<\/h1>\n<p>[\/et_pb_text][et_pb_text _builder_version=\u00a0\u00bb4.17.3&Prime; header_2_font=\u00a0\u00bb||||||||\u00a0\u00bb header_2_line_height=\u00a0\u00bb1.5em\u00a0\u00bb background_size=\u00a0\u00bbinitial\u00a0\u00bb background_position=\u00a0\u00bbtop_left\u00a0\u00bb background_repeat=\u00a0\u00bbrepeat\u00a0\u00bb hover_enabled=\u00a0\u00bb0&Prime; global_colors_info=\u00a0\u00bb{}\u00a0\u00bb sticky_enabled=\u00a0\u00bb0&Prime;]<\/p>\n<p>\n\n<div class=\"av-special-heading av-special-heading-h1  blockquote modern-quote  avia-builder-el-0  el_before_av_two_third  avia-builder-el-first  \">\n<p>I. La p\u00e1gina web https:\/\/marinaviveiro.com\/ \u00a0ha sido creada y es mantenida por la empresa FIGRUPO MARINAS\u00a0 S.L. (en adelante, <strong>FIMARINAS<\/strong>\u200b), con CIF n\u00famero B15997794<\/p>\n<p><strong>FIMARINAS <\/strong>es una sociedad constituida de acuerdo a la legislaci\u00f3n espa\u00f1ola, e inscrita en el Registro Mercantil de A Coru\u00f1a, tomo 2971,\u00a0 folio 66, secci\u00f3n 8, \u00a0hoja n\u00famero C- 35.943.<\/p>\n<p>II. Los datos de contacto de <strong>FIMARINAS <\/strong>son los siguientes:<\/p>\n<p>C\/ Enrique Mari\u00f1as Romero, n\u00ba 36, 1\u00aa planta, 15009,\u00a0 A Coru\u00f1a<br\/>Tel\u00e9fono: (+34)981910803<br\/>Email:\u00a0marinacoruna@marinacoruna.es<\/p>\n<p>III. <strong>FIMARINAS<\/strong>, responsable del sitio web, pone a disposici\u00f3n de los usuarios el presente documento con el fin de dar cumplimiento a las obligaciones impuestas por la Ley 34\/202 de Servicios de la sociedad de la informaci\u00f3n y del Comercio electr\u00f3nico, as\u00ed como de informar a los usuarios del sitio web de las condiciones de uso del mismo. Toda persona que acceda a este sitio web asume el papel de usuario, comprometi\u00e9ndose a la observancia y cumplimiento riguroso de lo aqu\u00ed dispuesto, as\u00ed como de cualquier\u00a0 otra disposici\u00f3n legal que fuera de aplicaci\u00f3n.<\/p>\n<p>El responsable del sitio web se reserva el derecho a modificar cualquier tipo de informaci\u00f3n que pudiera aparecer en el mismo sin que exista obligaci\u00f3n de preavisar o poner en conocimiento de los usuarios dichas obligaciones, entendi\u00e9ndose como suficiente la publicaci\u00f3n en el sitio web del prestador.<\/p>\n<p>El prestador se exime de cualquier responsabilidad derivada de la informaci\u00f3n publicada en su sitio web siempre que est\u00e9 manipulada o haya sido introducida por un tercero ajeno al mismo.<\/p>\n<p>IV. Los distintos elementos de la p\u00e1gina web (fotograf\u00edas, art\u00edculos, v\u00eddeos, etc), as\u00ed como la p\u00e1gina web en su conjunto, est\u00e1n protegidos por la normativa espa\u00f1ola e internacional de propiedad industrial e intelectual. En especial, las marcas, logos y el resto de signos distintivos que aparecen en esta web son propiedad de <strong>FIMARINAS<\/strong>, o de terceros que nos han autorizado a su uso.<\/p>\n<p>Est\u00e1 prohibida la reproducci\u00f3n total o parcial de los mismos o de cualquier contenido de la Web con fines comerciales, salvo autorizaci\u00f3n expresa y por escrito de <strong>FIMARINAS<\/strong>.<\/p>\n<p>V. <strong>FIMARINAS <\/strong>no asume ninguna responsabilidad en relaci\u00f3n a los da\u00f1os que puedan producirse en los equipos o dispositivos de los usuarios como consecuencia de la navegaci\u00f3n por su p\u00e1gina web, ni ofrece ninguna garant\u00eda en cuanto a la subsanaci\u00f3n de errores de funcionamiento, o actualizaci\u00f3n de contenidos de la misma.<\/p>\n<p>VI. La navegaci\u00f3n por la web no implica la recogida de datos de car\u00e1cter personal, salvo los que el usuario decida voluntariamente facilitar a trav\u00e9s de los formularios y correos electr\u00f3nicos de contacto. No obstante, utilizamos cookies que podr\u00e1n descargarse en el equipo o en el dispositivo electr\u00f3nico desde el que accede el usuario. Para m\u00e1s informaci\u00f3n, lea nuestra pol\u00edtica de cookies.<\/p>\n<p>VII. Si desea ponerse en contacto con <strong>FIMARINAS<\/strong>, responsable del Sitio Web, puede hacerle a trav\u00e9s de los datos de contacto indicados en el apartado II de este aviso.<\/p>\n<\/div>\n<p><\/p><\/p>\n<p>[\/et_pb_text][\/et_pb_column][\/et_pb_row][\/et_pb_section]<\/p>\n","protected":false},"excerpt":{"rendered":"<p>Avis juridique I. La p\u00e1gina web https:\/\/marinaviveiro.com\/ \u00a0ha sido creada y es mantenida por la empresa FIGRUPO MARINAS\u00a0 S.L. (en adelante, FIMARINAS\u200b), con CIF n\u00famero B15997794 FIMARINAS es una sociedad constituida de acuerdo a la legislaci\u00f3n espa\u00f1ola, e inscrita en el Registro Mercantil de A Coru\u00f1a, tomo 2971,\u00a0 folio 66, secci\u00f3n 8, \u00a0hoja n\u00famero C- [&hellip;]<\/p>\n","protected":false},"author":3,"featured_media":0,"parent":0,"menu_order":0,"comment_status":"closed","ping_status":"closed","template":"","meta":{"_et_pb_use_builder":"on","_et_pb_old_content":"","_et_gb_content_width":"","footnotes":""},"class_list":["post-1931","page","type-page","status-publish","hentry"],"yoast_head":"<!-- This site is optimized with the Yoast SEO plugin v26.2 - https:\/\/yoast.com\/wordpress\/plugins\/seo\/ -->\n<title>Avis juridique - Marina Viveiro<\/title>\n<meta name=\"robots\" content=\"index, follow, max-snippet:-1, max-image-preview:large, max-video-preview:-1\" \/>\n<link rel=\"canonical\" href=\"https:\/\/marinaviveiro.com\/fr\/avis-juridique\/\" \/>\n<meta property=\"og:locale\" content=\"fr_FR\" \/>\n<meta property=\"og:type\" content=\"article\" \/>\n<meta property=\"og:title\" content=\"Avis juridique - Marina Viveiro\" \/>\n<meta property=\"og:description\" content=\"Avis juridique I. La p\u00e1gina web https:\/\/marinaviveiro.com\/ \u00a0ha sido creada y es mantenida por la empresa FIGRUPO MARINAS\u00a0 S.L. (en adelante, FIMARINAS\u200b), con CIF n\u00famero B15997794 FIMARINAS es una sociedad constituida de acuerdo a la legislaci\u00f3n espa\u00f1ola, e inscrita en el Registro Mercantil de A Coru\u00f1a, tomo 2971,\u00a0 folio 66, secci\u00f3n 8, \u00a0hoja n\u00famero C- [&hellip;]\" \/>\n<meta property=\"og:url\" content=\"https:\/\/marinaviveiro.com\/fr\/avis-juridique\/\" \/>\n<meta property=\"og:site_name\" content=\"Marina Viveiro\" \/>\n<meta property=\"article:modified_time\" content=\"2022-05-24T15:45:33+00:00\" \/>\n<meta name=\"twitter:card\" content=\"summary_large_image\" \/>\n<meta name=\"twitter:label1\" content=\"Dur\u00e9e de lecture estim\u00e9e\" \/>\n\t<meta name=\"twitter:data1\" content=\"3 minutes\" \/>\n<script type=\"application\/ld+json\" class=\"yoast-schema-graph\">{\"@context\":\"https:\/\/schema.org\",\"@graph\":[{\"@type\":\"WebPage\",\"@id\":\"https:\/\/marinaviveiro.com\/fr\/avis-juridique\/\",\"url\":\"https:\/\/marinaviveiro.com\/fr\/avis-juridique\/\",\"name\":\"Avis juridique - Marina Viveiro\",\"isPartOf\":{\"@id\":\"https:\/\/marinaviveiro.com\/fr\/#website\"},\"datePublished\":\"2021-02-23T12:12:16+00:00\",\"dateModified\":\"2022-05-24T15:45:33+00:00\",\"breadcrumb\":{\"@id\":\"https:\/\/marinaviveiro.com\/fr\/avis-juridique\/#breadcrumb\"},\"inLanguage\":\"fr-FR\",\"potentialAction\":[{\"@type\":\"ReadAction\",\"target\":[\"https:\/\/marinaviveiro.com\/fr\/avis-juridique\/\"]}]},{\"@type\":\"BreadcrumbList\",\"@id\":\"https:\/\/marinaviveiro.com\/fr\/avis-juridique\/#breadcrumb\",\"itemListElement\":[{\"@type\":\"ListItem\",\"position\":1,\"name\":\"Portada\",\"item\":\"https:\/\/marinaviveiro.com\/fr\/\"},{\"@type\":\"ListItem\",\"position\":2,\"name\":\"Avis juridique\"}]},{\"@type\":\"WebSite\",\"@id\":\"https:\/\/marinaviveiro.com\/fr\/#website\",\"url\":\"https:\/\/marinaviveiro.com\/fr\/\",\"name\":\"Marina Viveiro\",\"description\":\"Una moderna Marina en el Mar Cant\u00e1brico\",\"publisher\":{\"@id\":\"https:\/\/marinaviveiro.com\/fr\/#organization\"},\"potentialAction\":[{\"@type\":\"SearchAction\",\"target\":{\"@type\":\"EntryPoint\",\"urlTemplate\":\"https:\/\/marinaviveiro.com\/fr\/?s={search_term_string}\"},\"query-input\":{\"@type\":\"PropertyValueSpecification\",\"valueRequired\":true,\"valueName\":\"search_term_string\"}}],\"inLanguage\":\"fr-FR\"},{\"@type\":\"Organization\",\"@id\":\"https:\/\/marinaviveiro.com\/fr\/#organization\",\"name\":\"Marina Viveiro\",\"url\":\"https:\/\/marinaviveiro.com\/fr\/\",\"logo\":{\"@type\":\"ImageObject\",\"inLanguage\":\"fr-FR\",\"@id\":\"https:\/\/marinaviveiro.com\/fr\/#\/schema\/logo\/image\/\",\"url\":\"https:\/\/marinaviveiro.com\/wp-content\/uploads\/logoMarinaViveiro-1.png\",\"contentUrl\":\"https:\/\/marinaviveiro.com\/wp-content\/uploads\/logoMarinaViveiro-1.png\",\"width\":230,\"height\":70,\"caption\":\"Marina Viveiro\"},\"image\":{\"@id\":\"https:\/\/marinaviveiro.com\/fr\/#\/schema\/logo\/image\/\"}}]}<\/script>\n<!-- \/ Yoast SEO plugin. -->","yoast_head_json":{"title":"Avis juridique - Marina Viveiro","robots":{"index":"index","follow":"follow","max-snippet":"max-snippet:-1","max-image-preview":"max-image-preview:large","max-video-preview":"max-video-preview:-1"},"canonical":"https:\/\/marinaviveiro.com\/fr\/avis-juridique\/","og_locale":"fr_FR","og_type":"article","og_title":"Avis juridique - Marina Viveiro","og_description":"Avis juridique I. La p\u00e1gina web https:\/\/marinaviveiro.com\/ \u00a0ha sido creada y es mantenida por la empresa FIGRUPO MARINAS\u00a0 S.L. (en adelante, FIMARINAS\u200b), con CIF n\u00famero B15997794 FIMARINAS es una sociedad constituida de acuerdo a la legislaci\u00f3n espa\u00f1ola, e inscrita en el Registro Mercantil de A Coru\u00f1a, tomo 2971,\u00a0 folio 66, secci\u00f3n 8, \u00a0hoja n\u00famero C- [&hellip;]","og_url":"https:\/\/marinaviveiro.com\/fr\/avis-juridique\/","og_site_name":"Marina Viveiro","article_modified_time":"2022-05-24T15:45:33+00:00","twitter_card":"summary_large_image","twitter_misc":{"Dur\u00e9e de lecture estim\u00e9e":"3 minutes"},"schema":{"@context":"https:\/\/schema.org","@graph":[{"@type":"WebPage","@id":"https:\/\/marinaviveiro.com\/fr\/avis-juridique\/","url":"https:\/\/marinaviveiro.com\/fr\/avis-juridique\/","name":"Avis juridique - Marina Viveiro","isPartOf":{"@id":"https:\/\/marinaviveiro.com\/fr\/#website"},"datePublished":"2021-02-23T12:12:16+00:00","dateModified":"2022-05-24T15:45:33+00:00","breadcrumb":{"@id":"https:\/\/marinaviveiro.com\/fr\/avis-juridique\/#breadcrumb"},"inLanguage":"fr-FR","potentialAction":[{"@type":"ReadAction","target":["https:\/\/marinaviveiro.com\/fr\/avis-juridique\/"]}]},{"@type":"BreadcrumbList","@id":"https:\/\/marinaviveiro.com\/fr\/avis-juridique\/#breadcrumb","itemListElement":[{"@type":"ListItem","position":1,"name":"Portada","item":"https:\/\/marinaviveiro.com\/fr\/"},{"@type":"ListItem","position":2,"name":"Avis juridique"}]},{"@type":"WebSite","@id":"https:\/\/marinaviveiro.com\/fr\/#website","url":"https:\/\/marinaviveiro.com\/fr\/","name":"Marina Viveiro","description":"Una moderna Marina en el Mar Cant\u00e1brico","publisher":{"@id":"https:\/\/marinaviveiro.com\/fr\/#organization"},"potentialAction":[{"@type":"SearchAction","target":{"@type":"EntryPoint","urlTemplate":"https:\/\/marinaviveiro.com\/fr\/?s={search_term_string}"},"query-input":{"@type":"PropertyValueSpecification","valueRequired":true,"valueName":"search_term_string"}}],"inLanguage":"fr-FR"},{"@type":"Organization","@id":"https:\/\/marinaviveiro.com\/fr\/#organization","name":"Marina Viveiro","url":"https:\/\/marinaviveiro.com\/fr\/","logo":{"@type":"ImageObject","inLanguage":"fr-FR","@id":"https:\/\/marinaviveiro.com\/fr\/#\/schema\/logo\/image\/","url":"https:\/\/marinaviveiro.com\/wp-content\/uploads\/logoMarinaViveiro-1.png","contentUrl":"https:\/\/marinaviveiro.com\/wp-content\/uploads\/logoMarinaViveiro-1.png","width":230,"height":70,"caption":"Marina Viveiro"},"image":{"@id":"https:\/\/marinaviveiro.com\/fr\/#\/schema\/logo\/image\/"}}]}},"_links":{"self":[{"href":"https:\/\/marinaviveiro.com\/fr\/wp-json\/wp\/v2\/pages\/1931","targetHints":{"allow":["GET"]}}],"collection":[{"href":"https:\/\/marinaviveiro.com\/fr\/wp-json\/wp\/v2\/pages"}],"about":[{"href":"https:\/\/marinaviveiro.com\/fr\/wp-json\/wp\/v2\/types\/page"}],"author":[{"embeddable":true,"href":"https:\/\/marinaviveiro.com\/fr\/wp-json\/wp\/v2\/users\/3"}],"replies":[{"embeddable":true,"href":"https:\/\/marinaviveiro.com\/fr\/wp-json\/wp\/v2\/comments?post=1931"}],"version-history":[{"count":4,"href":"https:\/\/marinaviveiro.com\/fr\/wp-json\/wp\/v2\/pages\/1931\/revisions"}],"predecessor-version":[{"id":2161,"href":"https:\/\/marinaviveiro.com\/fr\/wp-json\/wp\/v2\/pages\/1931\/revisions\/2161"}],"wp:attachment":[{"href":"https:\/\/marinaviveiro.com\/fr\/wp-json\/wp\/v2\/media?parent=1931"}],"curies":[{"name":"wp","href":"https:\/\/api.w.org\/{rel}","templated":true}]}}