{"id":1946,"date":"2021-02-23T13:38:03","date_gmt":"2021-02-23T12:38:03","guid":{"rendered":"https:\/\/marinaviveiro.com\/privacy-policy\/"},"modified":"2022-05-24T17:48:35","modified_gmt":"2022-05-24T15:48:35","slug":"privacy-policy","status":"publish","type":"page","link":"https:\/\/marinaviveiro.com\/en\/privacy-policy\/","title":{"rendered":"Privacy policy"},"content":{"rendered":"[et_pb_section fb_built=&#8221;1&#8243; _builder_version=&#8221;4.16&#8243; background_color=&#8221;#f4f4f4&#8243; border_color_all=&#8221;#dddddd&#8221; border_width_top=&#8221;1px&#8221; global_colors_info=&#8221;{}&#8221;][et_pb_row _builder_version=&#8221;4.16&#8243; background_size=&#8221;initial&#8221; background_position=&#8221;top_left&#8221; background_repeat=&#8221;repeat&#8221; global_colors_info=&#8221;{}&#8221;][et_pb_column type=&#8221;4_4&#8243; _builder_version=&#8221;4.16&#8243; custom_padding=&#8221;|||&#8221; global_colors_info=&#8221;{}&#8221; custom_padding__hover=&#8221;|||&#8221;][et_pb_text _builder_version=&#8221;4.16&#8243; _module_preset=&#8221;default&#8221; header_font=&#8221;|600||on|||||&#8221; header_font_size=&#8221;36px&#8221; header_line_height=&#8221;1.5em&#8221; global_colors_info=&#8221;{}&#8221;]<h1>Privacy policy<\/h1>[\/et_pb_text][et_pb_text _builder_version=&#8221;4.17.3&#8243; header_2_font=&#8221;||||||||&#8221; header_2_line_height=&#8221;1.5em&#8221; background_size=&#8221;initial&#8221; background_position=&#8221;top_left&#8221; background_repeat=&#8221;repeat&#8221; hover_enabled=&#8221;0&#8243; global_colors_info=&#8221;{}&#8221; sticky_enabled=&#8221;0&#8243;]<p><\/p>\n<blockquote>\n<p>La presente Pol\u00edtica de Privacidad es aplicable al Sitio Web, y describe la manera en que <strong>FIGRUPO MARINAS\u00a0 S.L.<\/strong>\u00a0(en adelante <strong>FIMARINAS<\/strong>\u200b) recaba y trata sus datos personales, as\u00ed como la forma en la que se utiliza y protege dicha informaci\u00f3n, adem\u00e1s de los derechos que usted ostenta en relaci\u00f3n con la misma.<\/p>\n<\/blockquote>\n<h2 class=\"wp-block-heading\"><strong>1. COLLECTION AND PROCESSING OF PERSONAL DATA<\/strong><\/h2>\n<p>Recabaremos sus datos personales a trav\u00e9s de la informaci\u00f3n que usted nos facilita directamente al contactar con nosotros mediantes los formularios de contacto e introducci\u00f3n de datos para la prestaci\u00f3n de nuestros servicios.<\/p>\n<p>Recogemos las siguientes categor\u00edas de datos:<\/p>\n<ul>\n<li>Datos identificativos; nombre y apellidos<\/li>\n<li>Datos de contacto: n\u00famero de tel\u00e9fono, correo electr\u00f3nico, direcci\u00f3n postal.<\/li>\n<li>En caso de clientes personas jur\u00eddica: nombre y apellidos, correo electr\u00f3nico, direcci\u00f3n y tel\u00e9fono de empleados, representantes o personas de contacto.<\/li>\n<\/ul>\n<p>No recogemos ning\u00fan tipo de datos de car\u00e1cter personal si \u00fanicamente est\u00e1s navegando en el Sitio Web, salvo en el supuesto descrito nuestra \u201cPol\u00edtica de cookies\u201d.<\/p>\n<h2><strong>2. PURPOSE<\/strong><\/h2>\n<p>Utilizamos y tratamos los datos personales recabados con la finalidad de gestionar y atender adecuadamente su consulta o sugerencia, as\u00ed como para gestionar los contactos y comunicaciones para el env\u00edo de informaci\u00f3n relacionada con las actividades y servicios de la empresa que puedan ser de su inter\u00e9s. En cualquier momento usted podr\u00e1 oponerse a la \u00a0a la recepci\u00f3n de estas comunicaciones por los mecanismos indicados en esta Pol\u00edtica y en las propias comunicaciones comerciales que reciba.<\/p>\n<p>Al enviar los datos desde los formularios de registro correspondientes est\u00e1 dando consentimiento a las finalidades de tratamiento indicadas en este p\u00e1rrafo.<\/p>\n<h2><strong>3. RIGHTS OF THE DATA SUBJECTS<\/strong><\/h2>\n<p>Usted tiene derecho como titular de los datos personales a ejercitar gratuitamente los siguientes derechos en base a la normativa vigente de protecci\u00f3n de datos:<\/p>\n<ul>\n<li>Derecho a solicitar el acceso a sus datos personales.<\/li>\n<li>Derecho a solicitar su rectificaci\u00f3n o supresi\u00f3n.<\/li>\n<li>Derecho a solicitar la limitaci\u00f3n de su tratamiento.<\/li>\n<li>Derechos a oponerse a su tratamiento.<\/li>\n<li>Derecho a la portabilidad de los datos<\/li>\n<\/ul>\n<p>Usted podr\u00e1 ejercitar sus derechos a trav\u00e9s de los siguientes medios indicando la referencia \u201cprotecci\u00f3n de datos\u201d<\/p>\n<ul>\n<li>Env\u00edo por correo postal a la siguiente direcci\u00f3n: C\/ Enrique Mari\u00f1as Romero, n\u00ba 36, 1\u00aa planta, 15009,\u00a0 A Coru\u00f1a<\/li>\n<li>Comunicaci\u00f3n por medio de llamada telef\u00f3nica al n\u00famero: (+34)981910803<\/li>\n<li>Env\u00edo de correo electr\u00f3nico a la siguiente direcci\u00f3n: marinacoruna@marinacoruna.es<\/li>\n<\/ul>\n<p>En caso de que no se resuelva de manera satisfactoria el ejercicio de sus derechos puede presentar una reclamaci\u00f3n ante la Agencia Espa\u00f1ola de Protecci\u00f3n de datos.<\/p>\n<h2><strong>4. RETENTION OF PERSONAL DATA<\/strong><\/h2>\n<p>Conservaremos los datos personales por usted facilitados mientras mantengamos una relaci\u00f3n con usted y durante un periodo de cinco a\u00f1os a partir de ese momento. Transcurrido dicho periodo, \u00fanicamente conservaremos sus datos si estamos obligados a ello en cumplimiento de la ley o en caso de que existan reclamaciones pendientes que razonablemente requieran la conservaci\u00f3n de los mismos.<\/p>\n<h2><strong>5. LEGITIMATION FOR DATA PROCESSING<\/strong><\/h2>\n<p>La base legal para el tratamiento de los datos ser\u00e1 el consentimiento otorgado por usted como titular de los mismos. La informaci\u00f3n que usted nos facilite deber\u00e1 ser veraz garantizando la autenticidad de los datos proporcionados, de lo contrario ser\u00e1 responsable del da\u00f1o que pueda ocasionar a<strong> FIMARINAS <\/strong>o a terceros por no facilitar datos aut\u00e9nticos.<\/p>\n<h2><strong>6. PROTECTION OF PERSONAL DATA<\/strong><\/h2>\n<p><strong>FIMARINAS <\/strong>implementa medidas t\u00e9cnicas y organizativas para garantizar un nivel de seguridad adecuado al riesgo para los datos personales tratados. Dichas medidas tienen por objeto garantizar la integridad continua y la confidencialidad de los datos personales. Evaluamos las medidas peri\u00f3dicamente a fin de garantizar la seguridad del tratamiento.<\/p>\n<h2><strong>7. DATA COMMUNICATIONS<\/strong><\/h2>\n<p><strong>FIMARINAS <\/strong>informa y le garantiza expresamente que los datos personales no ser\u00e1n cedidos en ning\u00fan caso a terceras compa\u00f1\u00edas y siempre que fuera a realizarse alg\u00fan tipo de cesi\u00f3n de datos personales, de forma previa, se solicitar\u00eda consentimiento expreso, informado e inequ\u00edvoco al titular de los datos.<\/p>\n<h2><strong>8. CHANGES TO THE PRIVACY POLICY<\/strong><\/h2>\n<p><strong>FIMARINAS <\/strong>se reserva el derecho a modificar esta Pol\u00edtica de Privacidad de acuerdo con la legislaci\u00f3n aplicable en cada momento. Por ello, le recomendamos que revise peri\u00f3dicamente esta Pol\u00edtica de Privacidad para estar informado de c\u00f3mo se tratan y protegen los datos personales que nos facilita.<\/p>\n<p>&nbsp;<\/p>\n<p><\/p>[\/et_pb_text][\/et_pb_column][\/et_pb_row][\/et_pb_section]","protected":false},"excerpt":{"rendered":"<p>Privacy policy La presente Pol\u00edtica de Privacidad es aplicable al Sitio Web, y describe la manera en que FIGRUPO MARINAS\u00a0 S.L.\u00a0(en adelante FIMARINAS\u200b) recaba y trata sus datos personales, as\u00ed como la forma en la que se utiliza y protege dicha informaci\u00f3n, adem\u00e1s de los derechos que usted ostenta en relaci\u00f3n con la misma. 1. [&hellip;]<\/p>\n","protected":false},"author":3,"featured_media":0,"parent":0,"menu_order":0,"comment_status":"closed","ping_status":"open","template":"","meta":{"_et_pb_use_builder":"on","_et_pb_old_content":"","_et_gb_content_width":"","footnotes":""},"class_list":["post-1946","page","type-page","status-publish","hentry"],"yoast_head":"<!-- This site is optimized with the Yoast SEO plugin v26.2 - https:\/\/yoast.com\/wordpress\/plugins\/seo\/ -->\n<title>Privacy policy - Marina Viveiro<\/title>\n<meta name=\"robots\" content=\"index, follow, max-snippet:-1, max-image-preview:large, max-video-preview:-1\" \/>\n<link rel=\"canonical\" href=\"https:\/\/marinaviveiro.com\/en\/privacy-policy\/\" \/>\n<meta property=\"og:locale\" content=\"en_US\" \/>\n<meta property=\"og:type\" content=\"article\" \/>\n<meta property=\"og:title\" content=\"Privacy policy - Marina Viveiro\" \/>\n<meta property=\"og:description\" content=\"Privacy policy La presente Pol\u00edtica de Privacidad es aplicable al Sitio Web, y describe la manera en que FIGRUPO MARINAS\u00a0 S.L.\u00a0(en adelante FIMARINAS\u200b) recaba y trata sus datos personales, as\u00ed como la forma en la que se utiliza y protege dicha informaci\u00f3n, adem\u00e1s de los derechos que usted ostenta en relaci\u00f3n con la misma. 1. [&hellip;]\" \/>\n<meta property=\"og:url\" content=\"https:\/\/marinaviveiro.com\/en\/privacy-policy\/\" \/>\n<meta property=\"og:site_name\" content=\"Marina Viveiro\" \/>\n<meta property=\"article:modified_time\" content=\"2022-05-24T15:48:35+00:00\" \/>\n<meta name=\"twitter:card\" content=\"summary_large_image\" \/>\n<meta name=\"twitter:label1\" content=\"Est. reading time\" \/>\n\t<meta name=\"twitter:data1\" content=\"4 minutes\" \/>\n<script type=\"application\/ld+json\" class=\"yoast-schema-graph\">{\"@context\":\"https:\/\/schema.org\",\"@graph\":[{\"@type\":\"WebPage\",\"@id\":\"https:\/\/marinaviveiro.com\/en\/privacy-policy\/\",\"url\":\"https:\/\/marinaviveiro.com\/en\/privacy-policy\/\",\"name\":\"Privacy policy - Marina Viveiro\",\"isPartOf\":{\"@id\":\"https:\/\/marinaviveiro.com\/en\/#website\"},\"datePublished\":\"2021-02-23T12:38:03+00:00\",\"dateModified\":\"2022-05-24T15:48:35+00:00\",\"breadcrumb\":{\"@id\":\"https:\/\/marinaviveiro.com\/en\/privacy-policy\/#breadcrumb\"},\"inLanguage\":\"en-US\",\"potentialAction\":[{\"@type\":\"ReadAction\",\"target\":[\"https:\/\/marinaviveiro.com\/en\/privacy-policy\/\"]}]},{\"@type\":\"BreadcrumbList\",\"@id\":\"https:\/\/marinaviveiro.com\/en\/privacy-policy\/#breadcrumb\",\"itemListElement\":[{\"@type\":\"ListItem\",\"position\":1,\"name\":\"Portada\",\"item\":\"https:\/\/marinaviveiro.com\/en\/\"},{\"@type\":\"ListItem\",\"position\":2,\"name\":\"Privacy policy\"}]},{\"@type\":\"WebSite\",\"@id\":\"https:\/\/marinaviveiro.com\/en\/#website\",\"url\":\"https:\/\/marinaviveiro.com\/en\/\",\"name\":\"Marina Viveiro\",\"description\":\"Una moderna Marina en el Mar Cant\u00e1brico\",\"publisher\":{\"@id\":\"https:\/\/marinaviveiro.com\/en\/#organization\"},\"potentialAction\":[{\"@type\":\"SearchAction\",\"target\":{\"@type\":\"EntryPoint\",\"urlTemplate\":\"https:\/\/marinaviveiro.com\/en\/?s={search_term_string}\"},\"query-input\":{\"@type\":\"PropertyValueSpecification\",\"valueRequired\":true,\"valueName\":\"search_term_string\"}}],\"inLanguage\":\"en-US\"},{\"@type\":\"Organization\",\"@id\":\"https:\/\/marinaviveiro.com\/en\/#organization\",\"name\":\"Marina Viveiro\",\"url\":\"https:\/\/marinaviveiro.com\/en\/\",\"logo\":{\"@type\":\"ImageObject\",\"inLanguage\":\"en-US\",\"@id\":\"https:\/\/marinaviveiro.com\/en\/#\/schema\/logo\/image\/\",\"url\":\"https:\/\/marinaviveiro.com\/wp-content\/uploads\/logoMarinaViveiro-1.png\",\"contentUrl\":\"https:\/\/marinaviveiro.com\/wp-content\/uploads\/logoMarinaViveiro-1.png\",\"width\":230,\"height\":70,\"caption\":\"Marina Viveiro\"},\"image\":{\"@id\":\"https:\/\/marinaviveiro.com\/en\/#\/schema\/logo\/image\/\"}}]}<\/script>\n<!-- \/ Yoast SEO plugin. -->","yoast_head_json":{"title":"Privacy policy - Marina Viveiro","robots":{"index":"index","follow":"follow","max-snippet":"max-snippet:-1","max-image-preview":"max-image-preview:large","max-video-preview":"max-video-preview:-1"},"canonical":"https:\/\/marinaviveiro.com\/en\/privacy-policy\/","og_locale":"en_US","og_type":"article","og_title":"Privacy policy - Marina Viveiro","og_description":"Privacy policy La presente Pol\u00edtica de Privacidad es aplicable al Sitio Web, y describe la manera en que FIGRUPO MARINAS\u00a0 S.L.\u00a0(en adelante FIMARINAS\u200b) recaba y trata sus datos personales, as\u00ed como la forma en la que se utiliza y protege dicha informaci\u00f3n, adem\u00e1s de los derechos que usted ostenta en relaci\u00f3n con la misma. 1. [&hellip;]","og_url":"https:\/\/marinaviveiro.com\/en\/privacy-policy\/","og_site_name":"Marina Viveiro","article_modified_time":"2022-05-24T15:48:35+00:00","twitter_card":"summary_large_image","twitter_misc":{"Est. reading time":"4 minutes"},"schema":{"@context":"https:\/\/schema.org","@graph":[{"@type":"WebPage","@id":"https:\/\/marinaviveiro.com\/en\/privacy-policy\/","url":"https:\/\/marinaviveiro.com\/en\/privacy-policy\/","name":"Privacy policy - Marina Viveiro","isPartOf":{"@id":"https:\/\/marinaviveiro.com\/en\/#website"},"datePublished":"2021-02-23T12:38:03+00:00","dateModified":"2022-05-24T15:48:35+00:00","breadcrumb":{"@id":"https:\/\/marinaviveiro.com\/en\/privacy-policy\/#breadcrumb"},"inLanguage":"en-US","potentialAction":[{"@type":"ReadAction","target":["https:\/\/marinaviveiro.com\/en\/privacy-policy\/"]}]},{"@type":"BreadcrumbList","@id":"https:\/\/marinaviveiro.com\/en\/privacy-policy\/#breadcrumb","itemListElement":[{"@type":"ListItem","position":1,"name":"Portada","item":"https:\/\/marinaviveiro.com\/en\/"},{"@type":"ListItem","position":2,"name":"Privacy policy"}]},{"@type":"WebSite","@id":"https:\/\/marinaviveiro.com\/en\/#website","url":"https:\/\/marinaviveiro.com\/en\/","name":"Marina Viveiro","description":"Una moderna Marina en el Mar Cant\u00e1brico","publisher":{"@id":"https:\/\/marinaviveiro.com\/en\/#organization"},"potentialAction":[{"@type":"SearchAction","target":{"@type":"EntryPoint","urlTemplate":"https:\/\/marinaviveiro.com\/en\/?s={search_term_string}"},"query-input":{"@type":"PropertyValueSpecification","valueRequired":true,"valueName":"search_term_string"}}],"inLanguage":"en-US"},{"@type":"Organization","@id":"https:\/\/marinaviveiro.com\/en\/#organization","name":"Marina Viveiro","url":"https:\/\/marinaviveiro.com\/en\/","logo":{"@type":"ImageObject","inLanguage":"en-US","@id":"https:\/\/marinaviveiro.com\/en\/#\/schema\/logo\/image\/","url":"https:\/\/marinaviveiro.com\/wp-content\/uploads\/logoMarinaViveiro-1.png","contentUrl":"https:\/\/marinaviveiro.com\/wp-content\/uploads\/logoMarinaViveiro-1.png","width":230,"height":70,"caption":"Marina Viveiro"},"image":{"@id":"https:\/\/marinaviveiro.com\/en\/#\/schema\/logo\/image\/"}}]}},"_links":{"self":[{"href":"https:\/\/marinaviveiro.com\/en\/wp-json\/wp\/v2\/pages\/1946","targetHints":{"allow":["GET"]}}],"collection":[{"href":"https:\/\/marinaviveiro.com\/en\/wp-json\/wp\/v2\/pages"}],"about":[{"href":"https:\/\/marinaviveiro.com\/en\/wp-json\/wp\/v2\/types\/page"}],"author":[{"embeddable":true,"href":"https:\/\/marinaviveiro.com\/en\/wp-json\/wp\/v2\/users\/3"}],"replies":[{"embeddable":true,"href":"https:\/\/marinaviveiro.com\/en\/wp-json\/wp\/v2\/comments?post=1946"}],"version-history":[{"count":4,"href":"https:\/\/marinaviveiro.com\/en\/wp-json\/wp\/v2\/pages\/1946\/revisions"}],"predecessor-version":[{"id":2165,"href":"https:\/\/marinaviveiro.com\/en\/wp-json\/wp\/v2\/pages\/1946\/revisions\/2165"}],"wp:attachment":[{"href":"https:\/\/marinaviveiro.com\/en\/wp-json\/wp\/v2\/media?parent=1946"}],"curies":[{"name":"wp","href":"https:\/\/api.w.org\/{rel}","templated":true}]}}