{"id":1921,"date":"2021-02-23T13:05:59","date_gmt":"2021-02-23T12:05:59","guid":{"rendered":"https:\/\/marinaviveiro.com\/legal-notice\/"},"modified":"2022-05-24T17:45:15","modified_gmt":"2022-05-24T15:45:15","slug":"legal-notice","status":"publish","type":"page","link":"https:\/\/marinaviveiro.com\/en\/legal-notice\/","title":{"rendered":"Legal notice"},"content":{"rendered":"<p>[et_pb_section fb_built=&#8221;1&#8243; _builder_version=&#8221;4.16&#8243; background_color=&#8221;#f4f4f4&#8243; border_width_top=&#8221;1px&#8221; border_color_top=&#8221;#dddddd&#8221; global_colors_info=&#8221;{}&#8221;][et_pb_row _builder_version=&#8221;4.16&#8243; background_size=&#8221;initial&#8221; background_position=&#8221;top_left&#8221; background_repeat=&#8221;repeat&#8221; global_colors_info=&#8221;{}&#8221;][et_pb_column type=&#8221;4_4&#8243; _builder_version=&#8221;4.16&#8243; custom_padding=&#8221;|||&#8221; global_colors_info=&#8221;{}&#8221; custom_padding__hover=&#8221;|||&#8221;][et_pb_text _builder_version=&#8221;4.16&#8243; _module_preset=&#8221;default&#8221; header_font=&#8221;|600||on|||||&#8221; header_font_size=&#8221;36px&#8221; header_line_height=&#8221;1.5em&#8221; global_colors_info=&#8221;{}&#8221;]<\/p>\n<h1>Legal notice<\/h1>\n<p>[\/et_pb_text][et_pb_text _builder_version=&#8221;4.17.3&#8243; header_2_font=&#8221;||||||||&#8221; header_2_line_height=&#8221;1.5em&#8221; background_size=&#8221;initial&#8221; background_position=&#8221;top_left&#8221; background_repeat=&#8221;repeat&#8221; hover_enabled=&#8221;0&#8243; global_colors_info=&#8221;{}&#8221; sticky_enabled=&#8221;0&#8243;]<\/p>\n<p>\n\n<div class=\"av-special-heading av-special-heading-h1  blockquote modern-quote  avia-builder-el-0  el_before_av_two_third  avia-builder-el-first  \">\n<p>I. La p\u00e1gina web https:\/\/marinaviveiro.com\/ \u00a0ha sido creada y es mantenida por la empresa FIGRUPO MARINAS\u00a0 S.L. (en adelante, <strong>FIMARINAS<\/strong>\u200b), con CIF n\u00famero B15997794<\/p>\n<p><strong>FIMARINAS <\/strong>es una sociedad constituida de acuerdo a la legislaci\u00f3n espa\u00f1ola, e inscrita en el Registro Mercantil de A Coru\u00f1a, tomo 2971,\u00a0 folio 66, secci\u00f3n 8, \u00a0hoja n\u00famero C- 35.943.<\/p>\n<p>II. Los datos de contacto de <strong>FIMARINAS <\/strong>son los siguientes:<\/p>\n<p>C\/ Enrique Mari\u00f1as Romero, n\u00ba 36, 1\u00aa planta, 15009,\u00a0 A Coru\u00f1a<br\/>Tel\u00e9fono: (+34)981910803<br\/>Email:\u00a0marinacoruna@marinacoruna.es<\/p>\n<p>III. <strong>FIMARINAS<\/strong>, responsable del sitio web, pone a disposici\u00f3n de los usuarios el presente documento con el fin de dar cumplimiento a las obligaciones impuestas por la Ley 34\/202 de Servicios de la sociedad de la informaci\u00f3n y del Comercio electr\u00f3nico, as\u00ed como de informar a los usuarios del sitio web de las condiciones de uso del mismo. Toda persona que acceda a este sitio web asume el papel de usuario, comprometi\u00e9ndose a la observancia y cumplimiento riguroso de lo aqu\u00ed dispuesto, as\u00ed como de cualquier\u00a0 otra disposici\u00f3n legal que fuera de aplicaci\u00f3n.<\/p>\n<p>El responsable del sitio web se reserva el derecho a modificar cualquier tipo de informaci\u00f3n que pudiera aparecer en el mismo sin que exista obligaci\u00f3n de preavisar o poner en conocimiento de los usuarios dichas obligaciones, entendi\u00e9ndose como suficiente la publicaci\u00f3n en el sitio web del prestador.<\/p>\n<p>El prestador se exime de cualquier responsabilidad derivada de la informaci\u00f3n publicada en su sitio web siempre que est\u00e9 manipulada o haya sido introducida por un tercero ajeno al mismo.<\/p>\n<p>IV. Los distintos elementos de la p\u00e1gina web (fotograf\u00edas, art\u00edculos, v\u00eddeos, etc), as\u00ed como la p\u00e1gina web en su conjunto, est\u00e1n protegidos por la normativa espa\u00f1ola e internacional de propiedad industrial e intelectual. En especial, las marcas, logos y el resto de signos distintivos que aparecen en esta web son propiedad de <strong>FIMARINAS<\/strong>, o de terceros que nos han autorizado a su uso.<\/p>\n<p>Est\u00e1 prohibida la reproducci\u00f3n total o parcial de los mismos o de cualquier contenido de la Web con fines comerciales, salvo autorizaci\u00f3n expresa y por escrito de <strong>FIMARINAS<\/strong>.<\/p>\n<p>V. <strong>FIMARINAS <\/strong>no asume ninguna responsabilidad en relaci\u00f3n a los da\u00f1os que puedan producirse en los equipos o dispositivos de los usuarios como consecuencia de la navegaci\u00f3n por su p\u00e1gina web, ni ofrece ninguna garant\u00eda en cuanto a la subsanaci\u00f3n de errores de funcionamiento, o actualizaci\u00f3n de contenidos de la misma.<\/p>\n<p>VI. La navegaci\u00f3n por la web no implica la recogida de datos de car\u00e1cter personal, salvo los que el usuario decida voluntariamente facilitar a trav\u00e9s de los formularios y correos electr\u00f3nicos de contacto. No obstante, utilizamos cookies que podr\u00e1n descargarse en el equipo o en el dispositivo electr\u00f3nico desde el que accede el usuario. Para m\u00e1s informaci\u00f3n, lea nuestra pol\u00edtica de cookies.<\/p>\n<p>VII. Si desea ponerse en contacto con <strong>FIMARINAS<\/strong>, responsable del Sitio Web, puede hacerle a trav\u00e9s de los datos de contacto indicados en el apartado II de este aviso.<\/p>\n<\/div>\n<p><\/p><p>[\/et_pb_text][\/et_pb_column][\/et_pb_row][\/et_pb_section]<\/p>\n","protected":false},"excerpt":{"rendered":"<p>Legal notice I. La p\u00e1gina web https:\/\/marinaviveiro.com\/ \u00a0ha sido creada y es mantenida por la empresa FIGRUPO MARINAS\u00a0 S.L. (en adelante, FIMARINAS\u200b), con CIF n\u00famero B15997794 FIMARINAS es una sociedad constituida de acuerdo a la legislaci\u00f3n espa\u00f1ola, e inscrita en el Registro Mercantil de A Coru\u00f1a, tomo 2971,\u00a0 folio 66, secci\u00f3n 8, \u00a0hoja n\u00famero C- [&hellip;]<\/p>\n","protected":false},"author":3,"featured_media":0,"parent":0,"menu_order":0,"comment_status":"closed","ping_status":"closed","template":"","meta":{"_et_pb_use_builder":"on","_et_pb_old_content":"","_et_gb_content_width":"","footnotes":""},"class_list":["post-1921","page","type-page","status-publish","hentry"],"yoast_head":"<!-- This site is optimized with the Yoast SEO plugin v26.2 - https:\/\/yoast.com\/wordpress\/plugins\/seo\/ -->\n<title>Legal notice - Marina Viveiro<\/title>\n<meta name=\"robots\" content=\"index, follow, max-snippet:-1, max-image-preview:large, max-video-preview:-1\" \/>\n<link rel=\"canonical\" href=\"https:\/\/marinaviveiro.com\/en\/legal-notice\/\" \/>\n<meta property=\"og:locale\" content=\"en_US\" \/>\n<meta property=\"og:type\" content=\"article\" \/>\n<meta property=\"og:title\" content=\"Legal notice - Marina Viveiro\" \/>\n<meta property=\"og:description\" content=\"Legal notice I. La p\u00e1gina web https:\/\/marinaviveiro.com\/ \u00a0ha sido creada y es mantenida por la empresa FIGRUPO MARINAS\u00a0 S.L. (en adelante, FIMARINAS\u200b), con CIF n\u00famero B15997794 FIMARINAS es una sociedad constituida de acuerdo a la legislaci\u00f3n espa\u00f1ola, e inscrita en el Registro Mercantil de A Coru\u00f1a, tomo 2971,\u00a0 folio 66, secci\u00f3n 8, \u00a0hoja n\u00famero C- [&hellip;]\" \/>\n<meta property=\"og:url\" content=\"https:\/\/marinaviveiro.com\/en\/legal-notice\/\" \/>\n<meta property=\"og:site_name\" content=\"Marina Viveiro\" \/>\n<meta property=\"article:modified_time\" content=\"2022-05-24T15:45:15+00:00\" \/>\n<meta name=\"twitter:card\" content=\"summary_large_image\" \/>\n<meta name=\"twitter:label1\" content=\"Est. reading time\" \/>\n\t<meta name=\"twitter:data1\" content=\"3 minutes\" \/>\n<script type=\"application\/ld+json\" class=\"yoast-schema-graph\">{\"@context\":\"https:\/\/schema.org\",\"@graph\":[{\"@type\":\"WebPage\",\"@id\":\"https:\/\/marinaviveiro.com\/en\/legal-notice\/\",\"url\":\"https:\/\/marinaviveiro.com\/en\/legal-notice\/\",\"name\":\"Legal notice - Marina Viveiro\",\"isPartOf\":{\"@id\":\"https:\/\/marinaviveiro.com\/en\/#website\"},\"datePublished\":\"2021-02-23T12:05:59+00:00\",\"dateModified\":\"2022-05-24T15:45:15+00:00\",\"breadcrumb\":{\"@id\":\"https:\/\/marinaviveiro.com\/en\/legal-notice\/#breadcrumb\"},\"inLanguage\":\"en-US\",\"potentialAction\":[{\"@type\":\"ReadAction\",\"target\":[\"https:\/\/marinaviveiro.com\/en\/legal-notice\/\"]}]},{\"@type\":\"BreadcrumbList\",\"@id\":\"https:\/\/marinaviveiro.com\/en\/legal-notice\/#breadcrumb\",\"itemListElement\":[{\"@type\":\"ListItem\",\"position\":1,\"name\":\"Portada\",\"item\":\"https:\/\/marinaviveiro.com\/en\/\"},{\"@type\":\"ListItem\",\"position\":2,\"name\":\"Legal notice\"}]},{\"@type\":\"WebSite\",\"@id\":\"https:\/\/marinaviveiro.com\/en\/#website\",\"url\":\"https:\/\/marinaviveiro.com\/en\/\",\"name\":\"Marina Viveiro\",\"description\":\"Una moderna Marina en el Mar Cant\u00e1brico\",\"publisher\":{\"@id\":\"https:\/\/marinaviveiro.com\/en\/#organization\"},\"potentialAction\":[{\"@type\":\"SearchAction\",\"target\":{\"@type\":\"EntryPoint\",\"urlTemplate\":\"https:\/\/marinaviveiro.com\/en\/?s={search_term_string}\"},\"query-input\":{\"@type\":\"PropertyValueSpecification\",\"valueRequired\":true,\"valueName\":\"search_term_string\"}}],\"inLanguage\":\"en-US\"},{\"@type\":\"Organization\",\"@id\":\"https:\/\/marinaviveiro.com\/en\/#organization\",\"name\":\"Marina Viveiro\",\"url\":\"https:\/\/marinaviveiro.com\/en\/\",\"logo\":{\"@type\":\"ImageObject\",\"inLanguage\":\"en-US\",\"@id\":\"https:\/\/marinaviveiro.com\/en\/#\/schema\/logo\/image\/\",\"url\":\"https:\/\/marinaviveiro.com\/wp-content\/uploads\/logoMarinaViveiro-1.png\",\"contentUrl\":\"https:\/\/marinaviveiro.com\/wp-content\/uploads\/logoMarinaViveiro-1.png\",\"width\":230,\"height\":70,\"caption\":\"Marina Viveiro\"},\"image\":{\"@id\":\"https:\/\/marinaviveiro.com\/en\/#\/schema\/logo\/image\/\"}}]}<\/script>\n<!-- \/ Yoast SEO plugin. -->","yoast_head_json":{"title":"Legal notice - Marina Viveiro","robots":{"index":"index","follow":"follow","max-snippet":"max-snippet:-1","max-image-preview":"max-image-preview:large","max-video-preview":"max-video-preview:-1"},"canonical":"https:\/\/marinaviveiro.com\/en\/legal-notice\/","og_locale":"en_US","og_type":"article","og_title":"Legal notice - Marina Viveiro","og_description":"Legal notice I. La p\u00e1gina web https:\/\/marinaviveiro.com\/ \u00a0ha sido creada y es mantenida por la empresa FIGRUPO MARINAS\u00a0 S.L. (en adelante, FIMARINAS\u200b), con CIF n\u00famero B15997794 FIMARINAS es una sociedad constituida de acuerdo a la legislaci\u00f3n espa\u00f1ola, e inscrita en el Registro Mercantil de A Coru\u00f1a, tomo 2971,\u00a0 folio 66, secci\u00f3n 8, \u00a0hoja n\u00famero C- [&hellip;]","og_url":"https:\/\/marinaviveiro.com\/en\/legal-notice\/","og_site_name":"Marina Viveiro","article_modified_time":"2022-05-24T15:45:15+00:00","twitter_card":"summary_large_image","twitter_misc":{"Est. reading time":"3 minutes"},"schema":{"@context":"https:\/\/schema.org","@graph":[{"@type":"WebPage","@id":"https:\/\/marinaviveiro.com\/en\/legal-notice\/","url":"https:\/\/marinaviveiro.com\/en\/legal-notice\/","name":"Legal notice - Marina Viveiro","isPartOf":{"@id":"https:\/\/marinaviveiro.com\/en\/#website"},"datePublished":"2021-02-23T12:05:59+00:00","dateModified":"2022-05-24T15:45:15+00:00","breadcrumb":{"@id":"https:\/\/marinaviveiro.com\/en\/legal-notice\/#breadcrumb"},"inLanguage":"en-US","potentialAction":[{"@type":"ReadAction","target":["https:\/\/marinaviveiro.com\/en\/legal-notice\/"]}]},{"@type":"BreadcrumbList","@id":"https:\/\/marinaviveiro.com\/en\/legal-notice\/#breadcrumb","itemListElement":[{"@type":"ListItem","position":1,"name":"Portada","item":"https:\/\/marinaviveiro.com\/en\/"},{"@type":"ListItem","position":2,"name":"Legal notice"}]},{"@type":"WebSite","@id":"https:\/\/marinaviveiro.com\/en\/#website","url":"https:\/\/marinaviveiro.com\/en\/","name":"Marina Viveiro","description":"Una moderna Marina en el Mar Cant\u00e1brico","publisher":{"@id":"https:\/\/marinaviveiro.com\/en\/#organization"},"potentialAction":[{"@type":"SearchAction","target":{"@type":"EntryPoint","urlTemplate":"https:\/\/marinaviveiro.com\/en\/?s={search_term_string}"},"query-input":{"@type":"PropertyValueSpecification","valueRequired":true,"valueName":"search_term_string"}}],"inLanguage":"en-US"},{"@type":"Organization","@id":"https:\/\/marinaviveiro.com\/en\/#organization","name":"Marina Viveiro","url":"https:\/\/marinaviveiro.com\/en\/","logo":{"@type":"ImageObject","inLanguage":"en-US","@id":"https:\/\/marinaviveiro.com\/en\/#\/schema\/logo\/image\/","url":"https:\/\/marinaviveiro.com\/wp-content\/uploads\/logoMarinaViveiro-1.png","contentUrl":"https:\/\/marinaviveiro.com\/wp-content\/uploads\/logoMarinaViveiro-1.png","width":230,"height":70,"caption":"Marina Viveiro"},"image":{"@id":"https:\/\/marinaviveiro.com\/en\/#\/schema\/logo\/image\/"}}]}},"_links":{"self":[{"href":"https:\/\/marinaviveiro.com\/en\/wp-json\/wp\/v2\/pages\/1921","targetHints":{"allow":["GET"]}}],"collection":[{"href":"https:\/\/marinaviveiro.com\/en\/wp-json\/wp\/v2\/pages"}],"about":[{"href":"https:\/\/marinaviveiro.com\/en\/wp-json\/wp\/v2\/types\/page"}],"author":[{"embeddable":true,"href":"https:\/\/marinaviveiro.com\/en\/wp-json\/wp\/v2\/users\/3"}],"replies":[{"embeddable":true,"href":"https:\/\/marinaviveiro.com\/en\/wp-json\/wp\/v2\/comments?post=1921"}],"version-history":[{"count":7,"href":"https:\/\/marinaviveiro.com\/en\/wp-json\/wp\/v2\/pages\/1921\/revisions"}],"predecessor-version":[{"id":2160,"href":"https:\/\/marinaviveiro.com\/en\/wp-json\/wp\/v2\/pages\/1921\/revisions\/2160"}],"wp:attachment":[{"href":"https:\/\/marinaviveiro.com\/en\/wp-json\/wp\/v2\/media?parent=1921"}],"curies":[{"name":"wp","href":"https:\/\/api.w.org\/{rel}","templated":true}]}}